{"id":12343,"date":"2025-03-20T07:55:51","date_gmt":"2025-03-20T07:55:51","guid":{"rendered":"https:\/\/vikingvinyl.nl\/?product=marga-bult-een-vriend-in-sarajevo-een-op-een-miljoen"},"modified":"2025-08-26T10:29:55","modified_gmt":"2025-08-26T10:29:55","slug":"marga-bult-een-vriend-in-sarajevo-een-op-een-miljoen","status":"publish","type":"product","link":"https:\/\/vikingvinyl.nl\/?product=marga-bult-een-vriend-in-sarajevo-een-op-een-miljoen","title":{"rendered":",Marga Bult \u2013 Een vriend in Sarajevo \/ \u00e9\u00e9n op \u00e9\u00e9n miljoen"},"content":{"rendered":"","protected":false},"excerpt":{"rendered":"","protected":false},"featured_media":12342,"comment_status":"open","ping_status":"closed","template":"","meta":[],"product_brand":[],"product_cat":[18],"product_tag":[],"class_list":{"0":"post-12343","1":"product","2":"type-product","3":"status-publish","4":"has-post-thumbnail","6":"product_cat-vinyl","8":"first","9":"instock","10":"purchasable","11":"product-type-simple"},"_links":{"self":[{"href":"https:\/\/vikingvinyl.nl\/index.php?rest_route=\/wp\/v2\/product\/12343","targetHints":{"allow":["GET"]}}],"collection":[{"href":"https:\/\/vikingvinyl.nl\/index.php?rest_route=\/wp\/v2\/product"}],"about":[{"href":"https:\/\/vikingvinyl.nl\/index.php?rest_route=\/wp\/v2\/types\/product"}],"replies":[{"embeddable":true,"href":"https:\/\/vikingvinyl.nl\/index.php?rest_route=%2Fwp%2Fv2%2Fcomments&post=12343"}],"wp:featuredmedia":[{"embeddable":true,"href":"https:\/\/vikingvinyl.nl\/index.php?rest_route=\/wp\/v2\/media\/12342"}],"wp:attachment":[{"href":"https:\/\/vikingvinyl.nl\/index.php?rest_route=%2Fwp%2Fv2%2Fmedia&parent=12343"}],"wp:term":[{"taxonomy":"product_brand","embeddable":true,"href":"https:\/\/vikingvinyl.nl\/index.php?rest_route=%2Fwp%2Fv2%2Fproduct_brand&post=12343"},{"taxonomy":"product_cat","embeddable":true,"href":"https:\/\/vikingvinyl.nl\/index.php?rest_route=%2Fwp%2Fv2%2Fproduct_cat&post=12343"},{"taxonomy":"product_tag","embeddable":true,"href":"https:\/\/vikingvinyl.nl\/index.php?rest_route=%2Fwp%2Fv2%2Fproduct_tag&post=12343"}],"curies":[{"name":"wp","href":"https:\/\/api.w.org\/{rel}","templated":true}]}}